{"id":2,"date":"2026-01-18T08:38:50","date_gmt":"2026-01-18T07:38:50","guid":{"rendered":"https:\/\/birtechcnc.pl\/?page_id=2"},"modified":"2026-03-29T10:33:21","modified_gmt":"2026-03-29T08:33:21","slug":"przykladowa-strona","status":"publish","type":"page","link":"https:\/\/birtechcnc.pl\/?page_id=2","title":{"rendered":"O Firmie"},"content":{"rendered":"\n<div class=\"wp-block-group alignfull has-base-2-background-color has-background has-global-padding is-layout-constrained wp-container-core-group-is-layout-669513ed wp-block-group-is-layout-constrained\" style=\"margin-top:0;margin-bottom:0;padding-top:var(--wp--preset--spacing--50);padding-right:var(--wp--preset--spacing--50);padding-bottom:var(--wp--preset--spacing--50);padding-left:var(--wp--preset--spacing--50)\">\n<div class=\"wp-block-group is-vertical is-content-justification-center is-layout-flex wp-container-core-group-is-layout-52b864f0 wp-block-group-is-layout-flex\">\n<div style=\"height:0px\" aria-hidden=\"true\" class=\"wp-block-spacer wp-container-content-4f2ccadb\"><\/div>\n\n\n\n<p class=\"has-text-align-center\">Jeste\u015bmy firm\u0105 zajmuj\u0105c\u0105 si\u0119 obr\u00f3bk\u0105 skrawaniem CNC oraz drukiem 3D. <br>Dzia\u0142amy na obszarze wojew\u00f3dztwa Lubelskiego z bliskim dojazdem do Lublina, \u015awidnika, Che\u0142ma, Zamo\u015bcia. Realizujemy zlecenia dla firm \u2013 od pojedynczych detali po kr\u00f3tkie serie produkcyjne.<br>Specjalizujemy si\u0119 w frezowaniu CNC materia\u0142\u00f3w takich jak aluminium, mosi\u0105dz oraz tworzywa sztuczne, a tak\u017ce w toczeniu CNC zar\u00f3wno w materia\u0142ach mi\u0119kkich, jak i twardych.<\/p>\n<\/div>\n\n\n\n<div style=\"margin-top:0;margin-bottom:0;height:var(--wp--preset--spacing--40)\" aria-hidden=\"true\" class=\"wp-block-spacer\"><\/div>\n\n\n\n<div class=\"wp-block-columns alignwide is-layout-flex wp-container-core-columns-is-layout-d0bbbce0 wp-block-columns-is-layout-flex\">\n<div class=\"wp-block-column is-layout-flow wp-container-core-column-is-layout-e3d1c41b wp-block-column-is-layout-flow\">\n<h3 class=\"wp-block-heading has-text-align-left is-style-asterisk has-body-font-family has-medium-font-size\" style=\"font-style:normal;font-weight:600\">Jak pracujemy?<\/h3>\n\n\n\n<p class=\"has-text-align-left\">Stawiamy na prost\u0105 i skuteczn\u0105 wsp\u00f3\u0142prac\u0119:<\/p>\n\n\n\n<ul class=\"wp-block-list\">\n<li>analizujemy projekt lub dokumentacj\u0119<\/li>\n\n\n\n<li>dobieramy odpowiedni\u0105 technologi\u0119 wykonania<\/li>\n\n\n\n<li>realizujemy zlecenie z zachowaniem dok\u0142adno\u015bci i termin\u00f3w<\/li>\n<\/ul>\n\n\n\n<p class=\"has-text-align-left\">Dzi\u0119ki temu jeste\u015bmy w stanie dostarczy\u0107 elementy zgodne z wymaganiami.<\/p>\n<\/div>\n\n\n\n<div class=\"wp-block-column is-layout-flow wp-container-core-column-is-layout-e3d1c41b wp-block-column-is-layout-flow\">\n<h3 class=\"wp-block-heading has-text-align-left is-style-asterisk has-body-font-family has-medium-font-size\" style=\"font-style:normal;font-weight:600\">Co nas wyr\u00f3\u017cnia?<\/h3>\n\n\n\n<p class=\"has-text-align-left\">Najwa\u017cniejsze w naszej pracy s\u0105:<\/p>\n\n\n\n<ul class=\"wp-block-list\">\n<li>terminowo\u015b\u0107 realizacji zlece\u0144<\/li>\n\n\n\n<li>precyzja wykonania<\/li>\n\n\n\n<li>indywidualne podej\u015bcie do ka\u017cdego projektu<\/li>\n\n\n\n<li>elastyczno\u015b\u0107 \u2013 realizujemy zar\u00f3wno proste, jak i bardziej wymagaj\u0105ce detale<\/li>\n<\/ul>\n\n\n\n<p class=\"has-text-align-left\">Ka\u017cde zlecenie traktujemy indywidualnie, niezale\u017cnie od jego skali.<\/p>\n<\/div>\n<\/div>\n\n\n\n<div class=\"wp-block-group alignwide has-base-2-background-color has-background has-global-padding is-layout-constrained wp-container-core-group-is-layout-39412042 wp-block-group-is-layout-constrained\" style=\"border-radius:16px;padding-top:var(--wp--preset--spacing--40);padding-right:var(--wp--preset--spacing--50);padding-bottom:var(--wp--preset--spacing--40);padding-left:var(--wp--preset--spacing--50)\">\n<div style=\"height:var(--wp--preset--spacing--10)\" aria-hidden=\"true\" class=\"wp-block-spacer\"><\/div>\n\n\n\n<h2 class=\"wp-block-heading has-text-align-center has-x-large-font-size\">Je\u015bli masz projekt do wykonania \u2013 skontaktuj si\u0119 z nami.<\/h2>\n\n\n\n<p class=\"has-text-align-center\">Ch\u0119tnie doradzimy i przygotujemy wycen\u0119. <\/p>\n\n\n\n<div class=\"wp-block-buttons is-content-justification-center is-layout-flex wp-container-core-buttons-is-layout-a89b3969 wp-block-buttons-is-layout-flex\">\n<div class=\"wp-block-button\"><a class=\"wp-block-button__link wp-element-button\" href=\"https:\/\/birtechcnc.pl\/?page_id=16\">Skontaktuj si\u0119 z nami<\/a><\/div>\n<\/div>\n\n\n\n<div style=\"height:var(--wp--preset--spacing--10)\" aria-hidden=\"true\" class=\"wp-block-spacer\"><\/div>\n<\/div>\n\n\n\n<div style=\"height:var(--wp--preset--spacing--20)\" aria-hidden=\"true\" class=\"wp-block-spacer\"><\/div>\n<\/div>\n","protected":false},"excerpt":{"rendered":"<p>Jeste\u015bmy firm\u0105 zajmuj\u0105c\u0105 si\u0119 obr\u00f3bk\u0105 skrawaniem CNC oraz drukiem 3D. Dzia\u0142amy na obszarze wojew\u00f3dztwa Lubelskiego z bliskim dojazdem do Lublina, \u015awidnika, Che\u0142ma, Zamo\u015bcia. Realizujemy zlecenia dla firm \u2013 od pojedynczych detali po kr\u00f3tkie serie produkcyjne.Specjalizujemy si\u0119 w frezowaniu CNC materia\u0142\u00f3w takich jak aluminium, mosi\u0105dz oraz tworzywa sztuczne, a tak\u017ce w toczeniu CNC zar\u00f3wno w materia\u0142ach [&hellip;]<\/p>\n","protected":false},"author":1,"featured_media":0,"parent":0,"menu_order":3,"comment_status":"closed","ping_status":"closed","template":"","meta":{"footnotes":""},"class_list":["post-2","page","type-page","status-publish","hentry"],"_links":{"self":[{"href":"https:\/\/birtechcnc.pl\/index.php?rest_route=\/wp\/v2\/pages\/2","targetHints":{"allow":["GET"]}}],"collection":[{"href":"https:\/\/birtechcnc.pl\/index.php?rest_route=\/wp\/v2\/pages"}],"about":[{"href":"https:\/\/birtechcnc.pl\/index.php?rest_route=\/wp\/v2\/types\/page"}],"author":[{"embeddable":true,"href":"https:\/\/birtechcnc.pl\/index.php?rest_route=\/wp\/v2\/users\/1"}],"replies":[{"embeddable":true,"href":"https:\/\/birtechcnc.pl\/index.php?rest_route=%2Fwp%2Fv2%2Fcomments&post=2"}],"version-history":[{"count":8,"href":"https:\/\/birtechcnc.pl\/index.php?rest_route=\/wp\/v2\/pages\/2\/revisions"}],"predecessor-version":[{"id":102,"href":"https:\/\/birtechcnc.pl\/index.php?rest_route=\/wp\/v2\/pages\/2\/revisions\/102"}],"wp:attachment":[{"href":"https:\/\/birtechcnc.pl\/index.php?rest_route=%2Fwp%2Fv2%2Fmedia&parent=2"}],"curies":[{"name":"wp","href":"https:\/\/api.w.org\/{rel}","templated":true}]}}