{"id":18,"date":"2026-01-31T22:54:10","date_gmt":"2026-01-31T21:54:10","guid":{"rendered":"https:\/\/birtechcnc.pl\/?page_id=18"},"modified":"2026-03-28T12:24:45","modified_gmt":"2026-03-28T11:24:45","slug":"strona-glowna","status":"publish","type":"page","link":"https:\/\/birtechcnc.pl\/","title":{"rendered":"Strona g\u0142\u00f3wna"},"content":{"rendered":"\n<p class=\"has-text-align-center\">Frezowanie, toczenie oraz produkcja element\u00f3w na zam\u00f3wienie.<\/p>\n\n\n\n<p><\/p>\n\n\n\n<div class=\"wp-block-group alignfull has-accent-background-color has-background has-global-padding is-layout-constrained wp-container-core-group-is-layout-669513ed wp-block-group-is-layout-constrained\" style=\"margin-top:0;margin-bottom:0;padding-top:var(--wp--preset--spacing--50);padding-right:var(--wp--preset--spacing--50);padding-bottom:var(--wp--preset--spacing--50);padding-left:var(--wp--preset--spacing--50)\">\n<div class=\"wp-block-columns alignwide is-layout-flex wp-container-core-columns-is-layout-1da03c2a wp-block-columns-is-layout-flex\">\n<div class=\"wp-block-column is-vertically-aligned-stretch is-layout-flow wp-block-column-is-layout-flow\" style=\"flex-basis:50%\">\n<div class=\"wp-block-group is-vertical is-content-justification-stretch is-layout-flex wp-container-core-group-is-layout-444d5ee8 wp-block-group-is-layout-flex\" style=\"min-height:100%\">\n<p class=\"has-heading-font-family has-x-large-font-size\" style=\"line-height:1.2\">Specjalizujemy si\u0119 w obr\u00f3bce skrawaniem CNC \u2013 wykonujemy frezowanie oraz toczenie detali na podstawie dokumentacji technicznej lub projektu klienta. Pracujemy zar\u00f3wno na materia\u0142ach mi\u0119kkich, takich jak aluminium, mosi\u0105dz i tworzywa sztuczne, jak i na materia\u0142ach twardych.<\/p>\n\n\n\n<p class=\"has-heading-font-family has-x-large-font-size\" style=\"line-height:1.2\">Oferujemy r\u00f3wnie\u017c us\u0142ugi druku 3D, dzi\u0119ki czemu mo\u017cemy szybko przygotowa\u0107 prototypy oraz elementy u\u017cytkowe.<\/p>\n\n\n\n<div class=\"wp-block-group has-global-padding is-content-justification-left is-layout-constrained wp-container-core-group-is-layout-9fe8ed88 wp-block-group-is-layout-constrained\">\n<p class=\"wp-container-content-0733e5d0\"><\/p>\n\n\n\n<div class=\"wp-block-buttons is-layout-flex wp-block-buttons-is-layout-flex\">\n<div class=\"wp-block-button\"><a class=\"wp-block-button__link wp-element-button\" href=\"https:\/\/birtechcnc.pl\/?page_id=2\">O nas<\/a><\/div>\n<\/div>\n<\/div>\n<\/div>\n<\/div>\n\n\n\n<div class=\"wp-block-column is-vertically-aligned-center is-layout-flow wp-block-column-is-layout-flow\" style=\"flex-basis:50%\">\n<figure class=\"wp-block-image size-large is-style-rounded is-style-rounded--1\"><img loading=\"lazy\" decoding=\"async\" width=\"768\" height=\"1024\" src=\"https:\/\/birtechcnc.pl\/wp-content\/uploads\/2026\/03\/b266f76d-2b16-43bb-9584-786e51ae663f-768x1024.jpg\" alt=\"\" class=\"wp-image-30\" style=\"aspect-ratio:3\/4;object-fit:cover\" srcset=\"https:\/\/birtechcnc.pl\/wp-content\/uploads\/2026\/03\/b266f76d-2b16-43bb-9584-786e51ae663f-768x1024.jpg 768w, https:\/\/birtechcnc.pl\/wp-content\/uploads\/2026\/03\/b266f76d-2b16-43bb-9584-786e51ae663f-225x300.jpg 225w, https:\/\/birtechcnc.pl\/wp-content\/uploads\/2026\/03\/b266f76d-2b16-43bb-9584-786e51ae663f-1152x1536.jpg 1152w, https:\/\/birtechcnc.pl\/wp-content\/uploads\/2026\/03\/b266f76d-2b16-43bb-9584-786e51ae663f.jpg 1536w\" sizes=\"auto, (max-width: 768px) 100vw, 768px\" \/><\/figure>\n<\/div>\n<\/div>\n<\/div>\n\n\n\n<div class=\"wp-block-group alignfull has-accent-5-background-color has-background has-global-padding is-layout-constrained wp-container-core-group-is-layout-d89aad35 wp-block-group-is-layout-constrained\" style=\"margin-top:0;margin-bottom:0;padding-top:var(--wp--preset--spacing--50);padding-right:var(--wp--preset--spacing--50);padding-bottom:var(--wp--preset--spacing--50);padding-left:var(--wp--preset--spacing--50)\">\n<div class=\"wp-block-columns alignwide is-layout-flex wp-container-core-columns-is-layout-1da03c2a wp-block-columns-is-layout-flex\">\n<div class=\"wp-block-column is-vertically-aligned-center is-layout-flow wp-block-column-is-layout-flow\" style=\"flex-basis:60%\">\n<figure class=\"wp-block-image size-full is-style-rounded wp-duotone-duotone-1 is-style-rounded--2\"><img loading=\"lazy\" decoding=\"async\" width=\"2048\" height=\"1535\" src=\"https:\/\/birtechcnc.pl\/wp-content\/uploads\/2026\/03\/941f5b3e-f255-4e10-9b4e-550766342e8f.jpg\" alt=\"\" class=\"wp-image-31\" style=\"aspect-ratio:4\/3;object-fit:cover\" srcset=\"https:\/\/birtechcnc.pl\/wp-content\/uploads\/2026\/03\/941f5b3e-f255-4e10-9b4e-550766342e8f.jpg 2048w, https:\/\/birtechcnc.pl\/wp-content\/uploads\/2026\/03\/941f5b3e-f255-4e10-9b4e-550766342e8f-300x225.jpg 300w, https:\/\/birtechcnc.pl\/wp-content\/uploads\/2026\/03\/941f5b3e-f255-4e10-9b4e-550766342e8f-1024x768.jpg 1024w, https:\/\/birtechcnc.pl\/wp-content\/uploads\/2026\/03\/941f5b3e-f255-4e10-9b4e-550766342e8f-768x576.jpg 768w, https:\/\/birtechcnc.pl\/wp-content\/uploads\/2026\/03\/941f5b3e-f255-4e10-9b4e-550766342e8f-1536x1151.jpg 1536w\" sizes=\"auto, (max-width: 2048px) 100vw, 2048px\" \/><\/figure>\n<\/div>\n\n\n\n<div class=\"wp-block-column is-layout-flow wp-block-column-is-layout-flow\" style=\"flex-basis:40%\">\n<h2 class=\"wp-block-heading\"><strong>DLACZEGO MY?<\/strong><\/h2>\n\n\n\n<ul class=\"wp-block-list\">\n<li>Precyzyjna obr\u00f3bka CNC <\/li>\n\n\n\n<li>Terminowa realizacja zlece\u0144 <\/li>\n\n\n\n<li>Indywidualne podej\u015bcie do ka\u017cdego projektu <\/li>\n\n\n\n<li>Wsparcie na etapie projektu i wykonania<\/li>\n<\/ul>\n\n\n\n<div class=\"wp-block-buttons is-layout-flex wp-block-buttons-is-layout-flex\">\n<div class=\"wp-block-button\"><a class=\"wp-block-button__link wp-element-button\" href=\"https:\/\/birtechcnc.pl\/?page_id=11\">Nasze us\u0142ugi<\/a><\/div>\n<\/div>\n<\/div>\n<\/div>\n<\/div>\n","protected":false},"excerpt":{"rendered":"<p>Frezowanie, toczenie oraz produkcja element\u00f3w na zam\u00f3wienie. Specjalizujemy si\u0119 w obr\u00f3bce skrawaniem CNC \u2013 wykonujemy frezowanie oraz toczenie detali na podstawie dokumentacji technicznej lub projektu klienta. Pracujemy zar\u00f3wno na materia\u0142ach mi\u0119kkich, takich jak aluminium, mosi\u0105dz i tworzywa sztuczne, jak i na materia\u0142ach twardych. Oferujemy r\u00f3wnie\u017c us\u0142ugi druku 3D, dzi\u0119ki czemu mo\u017cemy szybko przygotowa\u0107 prototypy oraz [&hellip;]<\/p>\n","protected":false},"author":1,"featured_media":0,"parent":0,"menu_order":1,"comment_status":"closed","ping_status":"closed","template":"","meta":{"footnotes":""},"class_list":["post-18","page","type-page","status-publish","hentry"],"_links":{"self":[{"href":"https:\/\/birtechcnc.pl\/index.php?rest_route=\/wp\/v2\/pages\/18","targetHints":{"allow":["GET"]}}],"collection":[{"href":"https:\/\/birtechcnc.pl\/index.php?rest_route=\/wp\/v2\/pages"}],"about":[{"href":"https:\/\/birtechcnc.pl\/index.php?rest_route=\/wp\/v2\/types\/page"}],"author":[{"embeddable":true,"href":"https:\/\/birtechcnc.pl\/index.php?rest_route=\/wp\/v2\/users\/1"}],"replies":[{"embeddable":true,"href":"https:\/\/birtechcnc.pl\/index.php?rest_route=%2Fwp%2Fv2%2Fcomments&post=18"}],"version-history":[{"count":11,"href":"https:\/\/birtechcnc.pl\/index.php?rest_route=\/wp\/v2\/pages\/18\/revisions"}],"predecessor-version":[{"id":92,"href":"https:\/\/birtechcnc.pl\/index.php?rest_route=\/wp\/v2\/pages\/18\/revisions\/92"}],"wp:attachment":[{"href":"https:\/\/birtechcnc.pl\/index.php?rest_route=%2Fwp%2Fv2%2Fmedia&parent=18"}],"curies":[{"name":"wp","href":"https:\/\/api.w.org\/{rel}","templated":true}]}}