{"id":11,"date":"2026-01-31T22:04:57","date_gmt":"2026-01-31T21:04:57","guid":{"rendered":"https:\/\/birtechcnc.pl\/?page_id=11"},"modified":"2026-03-28T11:05:42","modified_gmt":"2026-03-28T10:05:42","slug":"oferta","status":"publish","type":"page","link":"https:\/\/birtechcnc.pl\/?page_id=11","title":{"rendered":"Oferta"},"content":{"rendered":"\n<div class=\"wp-block-group alignfull has-base-2-color has-contrast-background-color has-text-color has-background has-link-color wp-elements-cecf1aa886bd5f16dbaabddf15fd2ed2 has-global-padding is-layout-constrained wp-container-core-group-is-layout-facafb6f wp-block-group-is-layout-constrained\" style=\"margin-top:0;margin-bottom:0;padding-top:var(--wp--preset--spacing--50);padding-right:var(--wp--preset--spacing--50);padding-bottom:var(--wp--preset--spacing--50);padding-left:var(--wp--preset--spacing--50)\">\n<div class=\"wp-block-columns alignwide is-layout-flex wp-container-core-columns-is-layout-d1c656ed wp-block-columns-is-layout-flex\">\n<div class=\"wp-block-column is-vertically-aligned-stretch is-layout-flow wp-block-column-is-layout-flow\" style=\"padding-right:0;flex-basis:60%\">\n<div class=\"wp-block-group is-vertical is-content-justification-stretch is-layout-flex wp-container-core-group-is-layout-ae24f51d wp-block-group-is-layout-flex\" style=\"min-height:100%\">\n<figure class=\"wp-block-image size-full is-style-rounded is-style-rounded--1\"><img loading=\"lazy\" decoding=\"async\" width=\"1200\" height=\"1600\" src=\"https:\/\/birtechcnc.pl\/wp-content\/uploads\/2026\/03\/3d0f26ee-c472-4f77-a99b-18f097000fa7.jpg\" alt=\"\" class=\"wp-image-60\" style=\"aspect-ratio:9\/16;object-fit:cover\" srcset=\"https:\/\/birtechcnc.pl\/wp-content\/uploads\/2026\/03\/3d0f26ee-c472-4f77-a99b-18f097000fa7.jpg 1200w, https:\/\/birtechcnc.pl\/wp-content\/uploads\/2026\/03\/3d0f26ee-c472-4f77-a99b-18f097000fa7-225x300.jpg 225w, https:\/\/birtechcnc.pl\/wp-content\/uploads\/2026\/03\/3d0f26ee-c472-4f77-a99b-18f097000fa7-768x1024.jpg 768w, https:\/\/birtechcnc.pl\/wp-content\/uploads\/2026\/03\/3d0f26ee-c472-4f77-a99b-18f097000fa7-1152x1536.jpg 1152w\" sizes=\"auto, (max-width: 1200px) 100vw, 1200px\" \/><\/figure>\n\n\n\n<p class=\"has-medium-font-size\">1. PGCNC1020 Special<\/p>\n<\/div>\n<\/div>\n\n\n\n<div class=\"wp-block-column is-layout-flow wp-block-column-is-layout-flow\" style=\"flex-basis:40%\">\n<div class=\"wp-block-group has-global-padding is-layout-constrained wp-block-group-is-layout-constrained\">\n<p class=\"has-large-font-size\" style=\"font-style:normal;font-weight:500;line-height:1.2\">Frezowanie CNC<\/p>\n\n\n\n<p class=\"has-large-font-size\" style=\"font-style:normal;font-weight:500;line-height:1.2\"><br>Wykonujemy precyzyjne frezowanie CNC detali wed\u0142ug dokumentacji technicznej lub dostarczonego modelu.<br>Pracujemy g\u0142\u00f3wnie w materia\u0142ach:<\/p>\n\n\n\n<ul class=\"wp-block-list\">\n<li>aluminium<\/li>\n\n\n\n<li>mosi\u0105dz<\/li>\n\n\n\n<li>tworzywa sztuczne<\/li>\n<\/ul>\n\n\n\n<p class=\"has-large-font-size\" style=\"font-style:normal;font-weight:500;line-height:1.2\">Zapewniamy wysok\u0105 dok\u0142adno\u015b\u0107 oraz powtarzalno\u015b\u0107 wykonania.<\/p>\n\n\n\n<div style=\"height:var(--wp--preset--spacing--40)\" aria-hidden=\"true\" class=\"wp-block-spacer\"><\/div>\n\n\n\n<div class=\"wp-block-group is-layout-flow wp-block-group-is-layout-flow\">\n<p class=\"has-medium-font-size\">2.  PGCNC1012 ECO<\/p>\n\n\n\n<figure class=\"wp-block-image size-large is-style-rounded is-style-rounded--2\"><img loading=\"lazy\" decoding=\"async\" width=\"1024\" height=\"768\" src=\"https:\/\/birtechcnc.pl\/wp-content\/uploads\/2026\/03\/6c211cb6-cd4b-4094-bcab-86fb35a6ea86-1024x768.jpg\" alt=\"\" class=\"wp-image-61\" style=\"aspect-ratio:9\/16;object-fit:cover\" srcset=\"https:\/\/birtechcnc.pl\/wp-content\/uploads\/2026\/03\/6c211cb6-cd4b-4094-bcab-86fb35a6ea86-1024x768.jpg 1024w, https:\/\/birtechcnc.pl\/wp-content\/uploads\/2026\/03\/6c211cb6-cd4b-4094-bcab-86fb35a6ea86-300x225.jpg 300w, https:\/\/birtechcnc.pl\/wp-content\/uploads\/2026\/03\/6c211cb6-cd4b-4094-bcab-86fb35a6ea86-768x576.jpg 768w, https:\/\/birtechcnc.pl\/wp-content\/uploads\/2026\/03\/6c211cb6-cd4b-4094-bcab-86fb35a6ea86-1536x1152.jpg 1536w, https:\/\/birtechcnc.pl\/wp-content\/uploads\/2026\/03\/6c211cb6-cd4b-4094-bcab-86fb35a6ea86.jpg 2048w\" sizes=\"auto, (max-width: 1024px) 100vw, 1024px\" \/><\/figure>\n<\/div>\n<\/div>\n<\/div>\n<\/div>\n<\/div>\n\n\n\n<div class=\"wp-block-group alignfull has-global-padding is-layout-constrained wp-container-core-group-is-layout-d89aad35 wp-block-group-is-layout-constrained\" style=\"margin-top:0;margin-bottom:0;padding-top:var(--wp--preset--spacing--50);padding-right:var(--wp--preset--spacing--50);padding-bottom:var(--wp--preset--spacing--50);padding-left:var(--wp--preset--spacing--50)\">\n<div class=\"wp-block-columns alignwide are-vertically-aligned-center is-layout-flex wp-container-core-columns-is-layout-47c06fe3 wp-block-columns-is-layout-flex\">\n<div class=\"wp-block-column is-vertically-aligned-center is-layout-flow wp-block-column-is-layout-flow\" style=\"flex-basis:50%\">\n<h2 class=\"wp-block-heading\">Toczenie CNC<\/h2>\n\n\n\n<p>Oferujemy toczenie CNC element\u00f3w o r\u00f3\u017cnym stopniu skomplikowania.<br>Realizujemy zlecenia w:<\/p>\n\n\n\n<ul style=\"line-height:1.75\" class=\"wp-block-list is-style-checkmark-list\">\n<li>Materia\u0142ach mi\u0119kkich<\/li>\n\n\n\n<li>Materia\u0142ach twardych<\/li>\n<\/ul>\n\n\n\n<p>Dostosowujemy proces do wymaga\u0144 projektu oraz oczekiwanej jako\u015bci.<\/p>\n\n\n\n<div class=\"wp-block-buttons is-layout-flex wp-block-buttons-is-layout-flex\"><\/div>\n<\/div>\n\n\n\n<div class=\"wp-block-column is-vertically-aligned-center is-layout-flow wp-block-column-is-layout-flow\" style=\"flex-basis:50%\">\n<figure class=\"wp-block-image size-full is-style-rounded is-style-rounded--3\"><img loading=\"lazy\" decoding=\"async\" width=\"896\" height=\"838\" src=\"https:\/\/birtechcnc.pl\/wp-content\/uploads\/2026\/03\/maszyna1-2.jpg\" alt=\"\" class=\"wp-image-53\" style=\"aspect-ratio:4\/3;object-fit:cover\" srcset=\"https:\/\/birtechcnc.pl\/wp-content\/uploads\/2026\/03\/maszyna1-2.jpg 896w, https:\/\/birtechcnc.pl\/wp-content\/uploads\/2026\/03\/maszyna1-2-300x281.jpg 300w, https:\/\/birtechcnc.pl\/wp-content\/uploads\/2026\/03\/maszyna1-2-768x718.jpg 768w\" sizes=\"auto, (max-width: 896px) 100vw, 896px\" \/><\/figure>\n<\/div>\n<\/div>\n<\/div>\n\n\n\n<div class=\"wp-block-group alignfull has-accent-background-color has-background has-global-padding is-layout-constrained wp-container-core-group-is-layout-669513ed wp-block-group-is-layout-constrained\" style=\"margin-top:0;margin-bottom:0;padding-top:var(--wp--preset--spacing--50);padding-right:var(--wp--preset--spacing--50);padding-bottom:var(--wp--preset--spacing--50);padding-left:var(--wp--preset--spacing--50)\">\n<div class=\"wp-block-columns alignwide is-layout-flex wp-container-core-columns-is-layout-1da03c2a wp-block-columns-is-layout-flex\">\n<div class=\"wp-block-column is-vertically-aligned-stretch is-layout-flow wp-block-column-is-layout-flow\" style=\"flex-basis:50%\">\n<div class=\"wp-block-group is-vertical is-content-justification-stretch is-layout-flex wp-container-core-group-is-layout-444d5ee8 wp-block-group-is-layout-flex\" style=\"min-height:100%\">\n<p class=\"has-heading-font-family has-x-large-font-size\" style=\"line-height:1.2\">Prototypowanie<br>Druk 3D<\/p>\n\n\n\n<p>\u015awiadczymy us\u0142ugi druku 3D:<\/p>\n\n\n\n<ul class=\"wp-block-list\">\n<li>prototypy<\/li>\n\n\n\n<li>elementy u\u017cytkowe<\/li>\n\n\n\n<li>cz\u0119\u015bci niestandardowe<\/li>\n<\/ul>\n\n\n\n<p>To szybkie i ekonomiczne rozwi\u0105zanie dla wielu projekt\u00f3w.<\/p>\n\n\n\n<div class=\"wp-block-group has-global-padding is-content-justification-left is-layout-constrained wp-container-core-group-is-layout-9fe8ed88 wp-block-group-is-layout-constrained\"><\/div>\n<\/div>\n<\/div>\n\n\n\n<div class=\"wp-block-column is-vertically-aligned-center is-layout-flow wp-block-column-is-layout-flow\" style=\"flex-basis:50%\">\n<figure class=\"wp-block-image size-large is-resized is-style-rounded is-style-rounded--4\"><img loading=\"lazy\" decoding=\"async\" width=\"692\" height=\"1024\" src=\"https:\/\/birtechcnc.pl\/wp-content\/uploads\/2026\/03\/4729d8ff-4fa8-48b1-95c5-936efad75564-692x1024.jpg\" alt=\"\" class=\"wp-image-64\" style=\"aspect-ratio:0.75;object-fit:cover;width:394px;height:auto\" srcset=\"https:\/\/birtechcnc.pl\/wp-content\/uploads\/2026\/03\/4729d8ff-4fa8-48b1-95c5-936efad75564-692x1024.jpg 692w, https:\/\/birtechcnc.pl\/wp-content\/uploads\/2026\/03\/4729d8ff-4fa8-48b1-95c5-936efad75564-203x300.jpg 203w, https:\/\/birtechcnc.pl\/wp-content\/uploads\/2026\/03\/4729d8ff-4fa8-48b1-95c5-936efad75564-768x1136.jpg 768w, https:\/\/birtechcnc.pl\/wp-content\/uploads\/2026\/03\/4729d8ff-4fa8-48b1-95c5-936efad75564-1039x1536.jpg 1039w, https:\/\/birtechcnc.pl\/wp-content\/uploads\/2026\/03\/4729d8ff-4fa8-48b1-95c5-936efad75564.jpg 1320w\" sizes=\"auto, (max-width: 692px) 100vw, 692px\" \/><\/figure>\n<\/div>\n<\/div>\n<\/div>\n\n\n\n<div class=\"wp-block-group alignfull has-global-padding is-layout-constrained wp-container-core-group-is-layout-d89aad35 wp-block-group-is-layout-constrained\" style=\"margin-top:0;margin-bottom:0;padding-top:var(--wp--preset--spacing--50);padding-right:var(--wp--preset--spacing--50);padding-bottom:var(--wp--preset--spacing--50);padding-left:var(--wp--preset--spacing--50)\">\n<div class=\"wp-block-group alignwide has-base-2-background-color has-background has-global-padding is-layout-constrained wp-container-core-group-is-layout-39412042 wp-block-group-is-layout-constrained\" style=\"border-radius:16px;padding-top:var(--wp--preset--spacing--40);padding-right:var(--wp--preset--spacing--50);padding-bottom:var(--wp--preset--spacing--40);padding-left:var(--wp--preset--spacing--50)\">\n<div style=\"height:var(--wp--preset--spacing--10)\" aria-hidden=\"true\" class=\"wp-block-spacer\"><\/div>\n\n\n\n<h2 class=\"wp-block-heading has-text-align-center has-x-large-font-size\">Wycena<\/h2>\n\n\n\n<p class=\"has-text-align-center\">Ka\u017cde zlecenie wyceniamy indywidualnie, w zale\u017cno\u015bci od stopnia skomplikowania, materia\u0142u oraz ilo\u015bci sztuk.<br>Skontaktuj si\u0119 z nami \u2013 przygotujemy dopasowan\u0105 ofert\u0119.<\/p>\n\n\n\n<p class=\"has-text-align-center\"><\/p>\n\n\n\n<div class=\"wp-block-buttons is-content-justification-center is-layout-flex wp-container-core-buttons-is-layout-a89b3969 wp-block-buttons-is-layout-flex\">\n<div class=\"wp-block-button\"><a class=\"wp-block-button__link wp-element-button\" href=\"https:\/\/birtechcnc.pl\/?page_id=16\">Kontakt<\/a><\/div>\n<\/div>\n\n\n\n<div style=\"height:var(--wp--preset--spacing--10)\" aria-hidden=\"true\" class=\"wp-block-spacer\"><\/div>\n<\/div>\n<\/div>\n","protected":false},"excerpt":{"rendered":"<p>1. PGCNC1020 Special Frezowanie CNC Wykonujemy precyzyjne frezowanie CNC detali wed\u0142ug dokumentacji technicznej lub dostarczonego modelu.Pracujemy g\u0142\u00f3wnie w materia\u0142ach: Zapewniamy wysok\u0105 dok\u0142adno\u015b\u0107 oraz powtarzalno\u015b\u0107 wykonania. 2. PGCNC1012 ECO Toczenie CNC Oferujemy toczenie CNC element\u00f3w o r\u00f3\u017cnym stopniu skomplikowania.Realizujemy zlecenia w: Dostosowujemy proces do wymaga\u0144 projektu oraz oczekiwanej jako\u015bci. PrototypowanieDruk 3D \u015awiadczymy us\u0142ugi druku 3D: To [&hellip;]<\/p>\n","protected":false},"author":1,"featured_media":0,"parent":0,"menu_order":2,"comment_status":"closed","ping_status":"closed","template":"","meta":{"footnotes":""},"class_list":["post-11","page","type-page","status-publish","hentry"],"_links":{"self":[{"href":"https:\/\/birtechcnc.pl\/index.php?rest_route=\/wp\/v2\/pages\/11","targetHints":{"allow":["GET"]}}],"collection":[{"href":"https:\/\/birtechcnc.pl\/index.php?rest_route=\/wp\/v2\/pages"}],"about":[{"href":"https:\/\/birtechcnc.pl\/index.php?rest_route=\/wp\/v2\/types\/page"}],"author":[{"embeddable":true,"href":"https:\/\/birtechcnc.pl\/index.php?rest_route=\/wp\/v2\/users\/1"}],"replies":[{"embeddable":true,"href":"https:\/\/birtechcnc.pl\/index.php?rest_route=%2Fwp%2Fv2%2Fcomments&post=11"}],"version-history":[{"count":11,"href":"https:\/\/birtechcnc.pl\/index.php?rest_route=\/wp\/v2\/pages\/11\/revisions"}],"predecessor-version":[{"id":69,"href":"https:\/\/birtechcnc.pl\/index.php?rest_route=\/wp\/v2\/pages\/11\/revisions\/69"}],"wp:attachment":[{"href":"https:\/\/birtechcnc.pl\/index.php?rest_route=%2Fwp%2Fv2%2Fmedia&parent=11"}],"curies":[{"name":"wp","href":"https:\/\/api.w.org\/{rel}","templated":true}]}}